{"id":51,"date":"2022-09-20T04:59:02","date_gmt":"2022-09-20T04:59:02","guid":{"rendered":"https:\/\/bioamipharm.com\/?page_id=51"},"modified":"2022-11-22T09:43:15","modified_gmt":"2022-11-22T09:43:15","slug":"gioi-thieu","status":"publish","type":"page","link":"https:\/\/bioamipharm.com\/index.php\/gioi-thieu\/","title":{"rendered":"Gi\u1edbi Thi\u1ec7u"},"content":{"rendered":"\t\t<div data-elementor-type=\"wp-page\" data-elementor-id=\"51\" class=\"elementor elementor-51\" data-elementor-settings=\"[]\">\n\t\t\t<div class=\"elementor-inner\">\n\t\t\t\t<div class=\"elementor-section-wrap\">\n\t\t\t\t\t\t\t<section class=\"elementor-element elementor-element-41c24c9 elementor-section-boxed elementor-section-height-default elementor-section-height-default elementor-section elementor-top-section\" data-id=\"41c24c9\" data-element_type=\"section\">\n\t\t\t\t\t\t<div class=\"elementor-container elementor-column-gap-default\">\n\t\t\t\t<div class=\"elementor-row\">\n\t\t\t\t<div class=\"elementor-element elementor-element-376564f elementor-column elementor-col-100 elementor-top-column\" data-id=\"376564f\" data-element_type=\"column\">\n\t\t\t<div class=\"elementor-column-wrap  elementor-element-populated\">\n\t\t\t\t\t<div class=\"elementor-widget-wrap\">\n\t\t\t\t<div class=\"elementor-element elementor-element-da1a915 elementor-widget elementor-widget-heading\" data-id=\"da1a915\" data-element_type=\"widget\" data-widget_type=\"heading.default\">\n\t\t\t\t<div class=\"elementor-widget-container\">\n\t\t\t<h2 class=\"elementor-heading-title elementor-size-default\">GI\u1edaI THI\u1ec6U<\/h2>\t\t<\/div>\n\t\t\t\t<\/div>\n\t\t\t\t\t\t<\/div>\n\t\t\t<\/div>\n\t\t<\/div>\n\t\t\t\t\t\t<\/div>\n\t\t\t<\/div>\n\t\t<\/section>\n\t\t\t\t<section class=\"elementor-element elementor-element-6927de4 elementor-section-boxed elementor-section-height-default elementor-section-height-default elementor-section elementor-top-section\" data-id=\"6927de4\" data-element_type=\"section\">\n\t\t\t\t\t\t<div class=\"elementor-container elementor-column-gap-default\">\n\t\t\t\t<div class=\"elementor-row\">\n\t\t\t\t<div class=\"elementor-element elementor-element-129631f elementor-column elementor-col-66 elementor-top-column\" data-id=\"129631f\" data-element_type=\"column\">\n\t\t\t<div class=\"elementor-column-wrap  elementor-element-populated\">\n\t\t\t\t\t<div class=\"elementor-widget-wrap\">\n\t\t\t\t<div class=\"elementor-element elementor-element-eed3561 elementor-widget elementor-widget-text-editor\" data-id=\"eed3561\" data-element_type=\"widget\" data-widget_type=\"text-editor.default\">\n\t\t\t\t<div class=\"elementor-widget-container\">\n\t\t\t\t\t<div class=\"elementor-text-editor elementor-clearfix\"><p><strong>C\u00f4ng ty TNHH Bio Amipharm (Bio Amipharm Company Limited)<\/strong> \u0111\u01b0\u1ee3c th\u00e0nh l\u1eadp n\u0103m 2021, l\u00e0 m\u1ed9t c\u00f4ng ty tr\u1ebb v\u00e0 n\u0103ng \u0111\u1ed9ng. Ch\u00fang t\u00f4i chuy\u00ean s\u1ea3n xu\u1ea5t v\u00e0 ph\u00e2n ph\u1ed1i c\u00e1c s\u1ea3n ph\u1ea9m trong l\u0129nh v\u1ef1c c\u00f4ng ngh\u1ec7 sinh h\u1ecdc \u1ee9ng d\u1ee5ng. C\u00e1c d\u1ecbch v\u1ee5 v\u00e0 s\u1ea3n ph\u1ea9m \u0111a d\u1ea1ng g\u1ed3m nhi\u1ec1u nh\u00f3m kh\u00e1c nhau nh\u01b0:<\/p><ul><li><strong>1) Sinh h\u1ecdc ph\u00e2n t\u1eed:<\/strong> c\u00e1c b\u1ed9 x\u00e9t nghi\u1ec7m \u00e1p d\u1ee5ng c\u00e1c k\u1ef9 thu\u1eadt sinh h\u1ecdc ph\u00e2n t\u1eed nh\u01b0 PCR, realtime PCR, Elisa, \u0111\u1ec3 ph\u00e1t hi\u1ec7n hay \u0111\u1ecbnh l\u01b0\u1ee3ng c\u00e1c t\u00e1c nh\u00e2n vi khu\u1ea9n, virus g\u00e2y b\u1ec7nh trong nhi\u1ec1u m\u1eabu th\u1eed kh\u00e1c nhau.<\/li><li><strong>2) Vi sinh:<\/strong> m\u00f4i tr\u01b0\u1eddng vi sinh, c\u00e1c b\u1ed9 thu\u1ed1c th\u1eed ki\u1ec3m nghi\u1ec7m nhanh.<\/li><li><strong>3) Thi\u1ebft b\u1ecb khoa h\u1ecdc, k\u1ef9 thu\u1eadt:<\/strong> t\u1ea5t c\u1ea3 c\u00e1c s\u1ea3n ph\u1ea9m m\u00e1y m\u00f3c thi\u1ebft b\u1ecb v\u1eadt t\u01b0 c\u1ee7a nhi\u1ec1u h\u00e3ng kh\u00e1c nhau ph\u1ee5c v\u1ee5 trong ph\u00f2ng lab.<\/li><li><strong>4) D\u1ecbch v\u1ee5:<\/strong> t\u01b0 v\u1ea5n thi\u1ebft k\u1ebf ph\u00f2ng x\u00e9t nghi\u1ec7m vi sinh, sinh h\u00f3a v\u00e0 sinh h\u1ecdc ph\u00e2n t\u1eed.<\/li><\/ul><\/div>\n\t\t\t\t<\/div>\n\t\t\t\t<\/div>\n\t\t\t\t<div class=\"elementor-element elementor-element-5bcefe0 elementor-view-default elementor-widget elementor-widget-icon\" data-id=\"5bcefe0\" data-element_type=\"widget\" data-widget_type=\"icon.default\">\n\t\t\t\t<div class=\"elementor-widget-container\">\n\t\t\t\t\t<div class=\"elementor-icon-wrapper\">\n\t\t\t<div class=\"elementor-icon elementor-animation-pulse-grow\">\n\t\t\t<i aria-hidden=\"true\" class=\"fas fa-dna\"><\/i>\t\t\t<\/div>\n\t\t<\/div>\n\t\t\t\t<\/div>\n\t\t\t\t<\/div>\n\t\t\t\t\t\t<\/div>\n\t\t\t<\/div>\n\t\t<\/div>\n\t\t\t\t<div class=\"elementor-element elementor-element-f4f06b1 elementor-column elementor-col-33 elementor-top-column\" data-id=\"f4f06b1\" data-element_type=\"column\">\n\t\t\t<div class=\"elementor-column-wrap\">\n\t\t\t\t\t<div class=\"elementor-widget-wrap\">\n\t\t\t\t\t\t<\/div>\n\t\t\t<\/div>\n\t\t<\/div>\n\t\t\t\t\t\t<\/div>\n\t\t\t<\/div>\n\t\t<\/section>\n\t\t\t\t<section class=\"elementor-element elementor-element-346ee23 elementor-section-boxed elementor-section-height-default elementor-section-height-default elementor-section elementor-top-section\" data-id=\"346ee23\" data-element_type=\"section\">\n\t\t\t\t\t\t<div class=\"elementor-container elementor-column-gap-default\">\n\t\t\t\t<div class=\"elementor-row\">\n\t\t\t\t<div class=\"elementor-element elementor-element-746d325 elementor-column elementor-col-66 elementor-top-column\" data-id=\"746d325\" data-element_type=\"column\">\n\t\t\t<div class=\"elementor-column-wrap  elementor-element-populated\">\n\t\t\t\t\t<div class=\"elementor-widget-wrap\">\n\t\t\t\t<div class=\"elementor-element elementor-element-dc1f1d3 elementor-widget elementor-widget-text-editor\" data-id=\"dc1f1d3\" data-element_type=\"widget\" data-widget_type=\"text-editor.default\">\n\t\t\t\t<div class=\"elementor-widget-container\">\n\t\t\t\t\t<div class=\"elementor-text-editor elementor-clearfix\"><p><strong>S\u1ee9 m\u1ec7nh:<\/strong> \u0110\u01b0a c\u00f4ng t\u00e1c ki\u1ec3m nghi\u1ec7m v\u00e0 c\u00f4ng t\u00e1c ki\u1ec3m tra ch\u1ea5t l\u01b0\u1ee3ng x\u1ee9ng t\u1ea7m v\u1edbi khu v\u1ef1c v\u00e0 c\u00e1c n\u01b0\u1edbc tr\u00ean th\u1ebf gi\u1edbi.<\/p><p><strong>T\u1ea7m nh\u00ecn:<\/strong> \u0110\u01b0a c\u00e1c k\u1ef9 thu\u1eadt m\u1edbi v\u00e0 hi\u1ec7n \u0111\u1ea1i c\u1ee7a th\u1ebf gi\u1edbi v\u00e0o c\u00e1c doanh nghi\u1ec7p Vi\u1ec7t Nam. G\u00f3p ph\u1ea7n t\u0103ng s\u1ef1 c\u1ea1nh tranh c\u1ee7a c\u00e1c doanh nghi\u1ec7p trong n\u01b0\u1edbc v\u1edbi c\u00e1c n\u01b0\u1edbc trong khu v\u1ef1c v\u00e0 th\u1ebf gi\u1edbi<\/p><p><strong>Cam k\u1ebft:<\/strong> S\u1ef1 h\u00e0i l\u00f2ng c\u1ee7a kh\u00e1ch h\u00e0ng l\u00e0 l\u1ee3i nhu\u1eadn l\u1edbn nh\u1ea5t c\u1ee7a t\u1eadp th\u1ec3 Bio Amipharm.<\/p><\/div>\n\t\t\t\t<\/div>\n\t\t\t\t<\/div>\n\t\t\t\t\t\t<\/div>\n\t\t\t<\/div>\n\t\t<\/div>\n\t\t\t\t<div class=\"elementor-element elementor-element-3d8d972 elementor-column elementor-col-33 elementor-top-column\" data-id=\"3d8d972\" data-element_type=\"column\">\n\t\t\t<div class=\"elementor-column-wrap\">\n\t\t\t\t\t<div class=\"elementor-widget-wrap\">\n\t\t\t\t\t\t<\/div>\n\t\t\t<\/div>\n\t\t<\/div>\n\t\t\t\t\t\t<\/div>\n\t\t\t<\/div>\n\t\t<\/section>\n\t\t\t\t<section class=\"elementor-element elementor-element-0ed3df8 elementor-section-boxed elementor-section-height-default elementor-section-height-default elementor-section elementor-top-section\" data-id=\"0ed3df8\" data-element_type=\"section\">\n\t\t\t\t\t\t<div class=\"elementor-container elementor-column-gap-default\">\n\t\t\t\t<div class=\"elementor-row\">\n\t\t\t\t<div class=\"elementor-element elementor-element-3472bcb elementor-column elementor-col-100 elementor-top-column\" data-id=\"3472bcb\" data-element_type=\"column\">\n\t\t\t<div class=\"elementor-column-wrap  elementor-element-populated\">\n\t\t\t\t\t<div class=\"elementor-widget-wrap\">\n\t\t\t\t<div class=\"elementor-element elementor-element-84ee6d7 elementor-widget elementor-widget-spacer\" data-id=\"84ee6d7\" data-element_type=\"widget\" data-widget_type=\"spacer.default\">\n\t\t\t\t<div class=\"elementor-widget-container\">\n\t\t\t\t\t<div class=\"elementor-spacer\">\n\t\t\t<div class=\"elementor-spacer-inner\"><\/div>\n\t\t<\/div>\n\t\t\t\t<\/div>\n\t\t\t\t<\/div>\n\t\t\t\t\t\t<\/div>\n\t\t\t<\/div>\n\t\t<\/div>\n\t\t\t\t\t\t<\/div>\n\t\t\t<\/div>\n\t\t<\/section>\n\t\t\t\t<section class=\"elementor-element elementor-element-b8ce486 elementor-section-boxed elementor-section-height-default elementor-section-height-default elementor-section elementor-top-section\" data-id=\"b8ce486\" data-element_type=\"section\">\n\t\t\t\t\t\t<div class=\"elementor-container elementor-column-gap-default\">\n\t\t\t\t<div class=\"elementor-row\">\n\t\t\t\t<div class=\"elementor-element elementor-element-998c974 elementor-column elementor-col-100 elementor-top-column\" data-id=\"998c974\" data-element_type=\"column\">\n\t\t\t<div class=\"elementor-column-wrap  elementor-element-populated\">\n\t\t\t\t\t<div class=\"elementor-widget-wrap\">\n\t\t\t\t<div class=\"elementor-element elementor-element-c85155e elementor-widget elementor-widget-heading\" data-id=\"c85155e\" data-element_type=\"widget\" data-widget_type=\"heading.default\">\n\t\t\t\t<div class=\"elementor-widget-container\">\n\t\t\t<h2 class=\"elementor-heading-title elementor-size-default\">\u0110\u1ed1i T\u00e1c <\/h2>\t\t<\/div>\n\t\t\t\t<\/div>\n\t\t\t\t\t\t<\/div>\n\t\t\t<\/div>\n\t\t<\/div>\n\t\t\t\t\t\t<\/div>\n\t\t\t<\/div>\n\t\t<\/section>\n\t\t\t\t<section class=\"elementor-element elementor-element-2ec26c8 elementor-section-boxed elementor-section-height-default elementor-section-height-default elementor-section elementor-top-section\" data-id=\"2ec26c8\" data-element_type=\"section\">\n\t\t\t\t\t\t<div class=\"elementor-container elementor-column-gap-default\">\n\t\t\t\t<div class=\"elementor-row\">\n\t\t\t\t<div class=\"elementor-element elementor-element-b686adc elementor-column elementor-col-100 elementor-top-column\" data-id=\"b686adc\" data-element_type=\"column\">\n\t\t\t<div class=\"elementor-column-wrap  elementor-element-populated\">\n\t\t\t\t\t<div class=\"elementor-widget-wrap\">\n\t\t\t\t<div class=\"elementor-element elementor-element-ba96004 elementor-arrows-position-inside elementor-pagination-position-outside elementor-widget elementor-widget-image-carousel\" data-id=\"ba96004\" data-element_type=\"widget\" data-settings=\"{&quot;navigation&quot;:&quot;both&quot;,&quot;autoplay&quot;:&quot;yes&quot;,&quot;pause_on_hover&quot;:&quot;yes&quot;,&quot;pause_on_interaction&quot;:&quot;yes&quot;,&quot;autoplay_speed&quot;:5000,&quot;infinite&quot;:&quot;yes&quot;,&quot;speed&quot;:500,&quot;direction&quot;:&quot;ltr&quot;}\" data-widget_type=\"image-carousel.default\">\n\t\t\t\t<div class=\"elementor-widget-container\">\n\t\t\t\t\t<div class=\"elementor-image-carousel-wrapper swiper-container\" dir=\"ltr\">\n\t\t\t<div class=\"elementor-image-carousel swiper-wrapper\">\n\t\t\t\t<div class=\"swiper-slide\"><figure class=\"swiper-slide-inner\"><img decoding=\"async\" class=\"swiper-slide-image\" src=\"https:\/\/bioamipharm.com\/wp-content\/uploads\/2022\/10\/5-150x150.jpg\" alt=\"5\" \/><\/figure><\/div><div class=\"swiper-slide\"><figure class=\"swiper-slide-inner\"><img decoding=\"async\" class=\"swiper-slide-image\" src=\"https:\/\/bioamipharm.com\/wp-content\/uploads\/2022\/10\/6-150x150.jpg\" alt=\"6\" \/><\/figure><\/div><div class=\"swiper-slide\"><figure class=\"swiper-slide-inner\"><img decoding=\"async\" class=\"swiper-slide-image\" src=\"https:\/\/bioamipharm.com\/wp-content\/uploads\/2022\/10\/71-150x150.jpg\" alt=\"71\" \/><\/figure><\/div><div class=\"swiper-slide\"><figure class=\"swiper-slide-inner\"><img decoding=\"async\" class=\"swiper-slide-image\" src=\"https:\/\/bioamipharm.com\/wp-content\/uploads\/2022\/10\/2A-150x150.jpg\" alt=\"2A\" \/><\/figure><\/div><div class=\"swiper-slide\"><figure class=\"swiper-slide-inner\"><img decoding=\"async\" class=\"swiper-slide-image\" src=\"https:\/\/bioamipharm.com\/wp-content\/uploads\/2022\/10\/3A-150x150.jpg\" alt=\"3A\" \/><\/figure><\/div><div class=\"swiper-slide\"><figure class=\"swiper-slide-inner\"><img decoding=\"async\" class=\"swiper-slide-image\" src=\"https:\/\/bioamipharm.com\/wp-content\/uploads\/2022\/10\/4-150x150.jpg\" alt=\"4\" \/><\/figure><\/div><div class=\"swiper-slide\"><figure class=\"swiper-slide-inner\"><img decoding=\"async\" class=\"swiper-slide-image\" src=\"https:\/\/bioamipharm.com\/wp-content\/uploads\/2022\/10\/1-150x150.jpg\" alt=\"1\" \/><\/figure><\/div>\t\t\t<\/div>\n\t\t\t\t\t\t\t\t\t\t\t\t<div class=\"swiper-pagination\"><\/div>\n\t\t\t\t\t\t\t\t\t\t\t\t\t<div class=\"elementor-swiper-button elementor-swiper-button-prev\">\n\t\t\t\t\t\t<i class=\"eicon-chevron-left\" aria-hidden=\"true\"><\/i>\n\t\t\t\t\t\t<span class=\"elementor-screen-only\">Previous<\/span>\n\t\t\t\t\t<\/div>\n\t\t\t\t\t<div class=\"elementor-swiper-button elementor-swiper-button-next\">\n\t\t\t\t\t\t<i class=\"eicon-chevron-right\" aria-hidden=\"true\"><\/i>\n\t\t\t\t\t\t<span class=\"elementor-screen-only\">Next<\/span>\n\t\t\t\t\t<\/div>\n\t\t\t\t\t\t\t\t\t<\/div>\n\t\t\t\t<\/div>\n\t\t\t\t<\/div>\n\t\t\t\t\t\t<\/div>\n\t\t\t<\/div>\n\t\t<\/div>\n\t\t\t\t\t\t<\/div>\n\t\t\t<\/div>\n\t\t<\/section>\n\t\t\t\t\t\t<\/div>\n\t\t\t<\/div>\n\t\t<\/div>\n\t\t","protected":false},"excerpt":{"rendered":"<p>GI\u1edaI THI\u1ec6U C\u00f4ng ty TNHH Bio Amipharm (Bio Amipharm Company Limited) \u0111\u01b0\u1ee3c th\u00e0nh l\u1eadp n\u0103m 2021, l\u00e0 m\u1ed9t c\u00f4ng ty tr\u1ebb v\u00e0 n\u0103ng \u0111\u1ed9ng. Ch\u00fang t\u00f4i chuy\u00ean s\u1ea3n xu\u1ea5t v\u00e0 ph\u00e2n ph\u1ed1i c\u00e1c s\u1ea3n ph\u1ea9m trong l\u0129nh v\u1ef1c c\u00f4ng ngh\u1ec7 sinh h\u1ecdc \u1ee9ng d\u1ee5ng. C\u00e1c d\u1ecbch v\u1ee5 v\u00e0 s\u1ea3n ph\u1ea9m&hellip; <\/p>\n","protected":false},"author":1,"featured_media":0,"parent":0,"menu_order":0,"comment_status":"closed","ping_status":"closed","template":"elementor_header_footer","meta":{"footnotes":""},"class_list":["post-51","page","type-page","status-publish","hentry"],"_links":{"self":[{"href":"https:\/\/bioamipharm.com\/index.php\/wp-json\/wp\/v2\/pages\/51","targetHints":{"allow":["GET"]}}],"collection":[{"href":"https:\/\/bioamipharm.com\/index.php\/wp-json\/wp\/v2\/pages"}],"about":[{"href":"https:\/\/bioamipharm.com\/index.php\/wp-json\/wp\/v2\/types\/page"}],"author":[{"embeddable":true,"href":"https:\/\/bioamipharm.com\/index.php\/wp-json\/wp\/v2\/users\/1"}],"replies":[{"embeddable":true,"href":"https:\/\/bioamipharm.com\/index.php\/wp-json\/wp\/v2\/comments?post=51"}],"version-history":[{"count":17,"href":"https:\/\/bioamipharm.com\/index.php\/wp-json\/wp\/v2\/pages\/51\/revisions"}],"predecessor-version":[{"id":873,"href":"https:\/\/bioamipharm.com\/index.php\/wp-json\/wp\/v2\/pages\/51\/revisions\/873"}],"wp:attachment":[{"href":"https:\/\/bioamipharm.com\/index.php\/wp-json\/wp\/v2\/media?parent=51"}],"curies":[{"name":"wp","href":"https:\/\/api.w.org\/{rel}","templated":true}]}}