{"id":210,"date":"2022-10-14T07:29:02","date_gmt":"2022-10-14T07:29:02","guid":{"rendered":"https:\/\/bioamipharm.com\/?page_id=210"},"modified":"2022-11-22T11:31:56","modified_gmt":"2022-11-22T11:31:56","slug":"nguyen-ly-hoat-dong","status":"publish","type":"page","link":"https:\/\/bioamipharm.com\/index.php\/nguyen-ly-hoat-dong\/","title":{"rendered":"Nguy\u00ean L\u00fd Ho\u1ea1t \u0110\u1ed9ng c\u1ee7a Kit"},"content":{"rendered":"\t\t<div data-elementor-type=\"wp-page\" data-elementor-id=\"210\" class=\"elementor elementor-210\" data-elementor-settings=\"[]\">\n\t\t\t<div class=\"elementor-inner\">\n\t\t\t\t<div class=\"elementor-section-wrap\">\n\t\t\t\t\t\t\t<section class=\"elementor-element elementor-element-486d556 elementor-section-boxed elementor-section-height-default elementor-section-height-default elementor-section elementor-top-section\" data-id=\"486d556\" data-element_type=\"section\">\n\t\t\t\t\t\t<div class=\"elementor-container elementor-column-gap-default\">\n\t\t\t\t<div class=\"elementor-row\">\n\t\t\t\t<div class=\"elementor-element elementor-element-8b665bf elementor-column elementor-col-100 elementor-top-column\" data-id=\"8b665bf\" data-element_type=\"column\">\n\t\t\t<div class=\"elementor-column-wrap  elementor-element-populated\">\n\t\t\t\t\t<div class=\"elementor-widget-wrap\">\n\t\t\t\t<div class=\"elementor-element elementor-element-c4985c0 elementor-widget elementor-widget-heading\" data-id=\"c4985c0\" data-element_type=\"widget\" data-widget_type=\"heading.default\">\n\t\t\t\t<div class=\"elementor-widget-container\">\n\t\t\t<h2 class=\"elementor-heading-title elementor-size-default\">NGUY\u00caN L\u00dd HO\u1ea0T \u0110\u1ed8NG C\u1ee6A KIT<\/h2>\t\t<\/div>\n\t\t\t\t<\/div>\n\t\t\t\t\t\t<\/div>\n\t\t\t<\/div>\n\t\t<\/div>\n\t\t\t\t\t\t<\/div>\n\t\t\t<\/div>\n\t\t<\/section>\n\t\t\t\t<section class=\"elementor-element elementor-element-671964e elementor-section-boxed elementor-section-height-default elementor-section-height-default elementor-section elementor-top-section\" data-id=\"671964e\" data-element_type=\"section\">\n\t\t\t\t\t\t<div class=\"elementor-container elementor-column-gap-default\">\n\t\t\t\t<div class=\"elementor-row\">\n\t\t\t\t<div class=\"elementor-element elementor-element-35c1619 elementor-column elementor-col-100 elementor-top-column\" data-id=\"35c1619\" data-element_type=\"column\">\n\t\t\t<div class=\"elementor-column-wrap  elementor-element-populated\">\n\t\t\t\t\t<div class=\"elementor-widget-wrap\">\n\t\t\t\t<div class=\"elementor-element elementor-element-241f46e elementor-widget elementor-widget-spacer\" data-id=\"241f46e\" data-element_type=\"widget\" data-widget_type=\"spacer.default\">\n\t\t\t\t<div class=\"elementor-widget-container\">\n\t\t\t\t\t<div class=\"elementor-spacer\">\n\t\t\t<div class=\"elementor-spacer-inner\"><\/div>\n\t\t<\/div>\n\t\t\t\t<\/div>\n\t\t\t\t<\/div>\n\t\t\t\t\t\t<\/div>\n\t\t\t<\/div>\n\t\t<\/div>\n\t\t\t\t\t\t<\/div>\n\t\t\t<\/div>\n\t\t<\/section>\n\t\t\t\t<section class=\"elementor-element elementor-element-46dfce2 elementor-section-boxed elementor-section-height-default elementor-section-height-default elementor-section elementor-top-section\" data-id=\"46dfce2\" data-element_type=\"section\">\n\t\t\t\t\t\t<div class=\"elementor-container elementor-column-gap-default\">\n\t\t\t\t<div class=\"elementor-row\">\n\t\t\t\t<div class=\"elementor-element elementor-element-86e2a0a elementor-column elementor-col-100 elementor-top-column\" data-id=\"86e2a0a\" data-element_type=\"column\">\n\t\t\t<div class=\"elementor-column-wrap  elementor-element-populated\">\n\t\t\t\t\t<div class=\"elementor-widget-wrap\">\n\t\t\t\t<div class=\"elementor-element elementor-element-e0fd844 elementor-widget elementor-widget-text-editor\" data-id=\"e0fd844\" data-element_type=\"widget\" data-widget_type=\"text-editor.default\">\n\t\t\t\t<div class=\"elementor-widget-container\">\n\t\t\t\t\t<div class=\"elementor-text-editor elementor-clearfix\"><ul><li>Kit ho\u1ea1t \u0111\u1ed9ng d\u1ef1a tr\u00ean \u0111\u1ed3ng th\u1eddi nhi\u1ec1u \u0111\u1ea7u d\u00f2 Taqman k\u1ebft h\u1ee3p v\u1edbi \u0111o\u1ea1n m\u1ed3i gi\u00fap khu\u1ebfch \u0111\u1ea1i \u0111o\u1ea1n gen \u0111\u1eb7c hi\u1ec7u \u0111\u1ec3 ph\u00e1t hi\u1ec7n vi khu\u1ea9n trong c\u00e1c m\u1eabu th\u1eed kh\u00e1c nhau. T\u1eeb \u0111\u00f3, \u0111\u1ecdc k\u1ebft qu\u1ea3 d\u1ef1a v\u00e0o t\u00edn hi\u1ec7u hu\u1ef3nh quang ti\u1ebft ki\u1ec7m th\u1eddi gian v\u00e0 tr\u00e1nh nguy c\u01a1 ngo\u1ea1i nhi\u1ec5m khi kh\u00f4ng c\u1ea7n tr\u1ea3i qua b\u01b0\u1edbc \u0111i\u1ec7n di.<\/li><\/ul><\/div>\n\t\t\t\t<\/div>\n\t\t\t\t<\/div>\n\t\t\t\t\t\t<\/div>\n\t\t\t<\/div>\n\t\t<\/div>\n\t\t\t\t\t\t<\/div>\n\t\t\t<\/div>\n\t\t<\/section>\n\t\t\t\t<section class=\"elementor-element elementor-element-0beb022 elementor-section-boxed elementor-section-height-default elementor-section-height-default elementor-section elementor-top-section\" data-id=\"0beb022\" data-element_type=\"section\">\n\t\t\t\t\t\t<div class=\"elementor-container elementor-column-gap-default\">\n\t\t\t\t<div class=\"elementor-row\">\n\t\t\t\t<div class=\"elementor-element elementor-element-e2a948f elementor-column elementor-col-100 elementor-top-column\" data-id=\"e2a948f\" data-element_type=\"column\">\n\t\t\t<div class=\"elementor-column-wrap  elementor-element-populated\">\n\t\t\t\t\t<div class=\"elementor-widget-wrap\">\n\t\t\t\t<div class=\"elementor-element elementor-element-5642897 elementor-widget elementor-widget-text-editor\" data-id=\"5642897\" data-element_type=\"widget\" data-widget_type=\"text-editor.default\">\n\t\t\t\t<div class=\"elementor-widget-container\">\n\t\t\t\t\t<div class=\"elementor-text-editor elementor-clearfix\"><p>Quy tr\u00ecnh g\u1ed3m 4 b\u01b0\u1edbc ch\u00ednh: (i) X\u1eed l\u00fd m\u1eabu (b\u01b0\u1edbc t\u0103ng sinh); (ii) T\u00e1ch chi\u1ebft DNA; (iii) Khu\u1ebfch \u0111\u1ea1i c\u00e1c tr\u00ecnh t\u1ef1 \u0111\u00edch b\u1eb1ng realtime PCR; (iv) Ph\u00e2n t\u00edch k\u1ebft qu\u1ea3.<\/p><\/div>\n\t\t\t\t<\/div>\n\t\t\t\t<\/div>\n\t\t\t\t\t\t<\/div>\n\t\t\t<\/div>\n\t\t<\/div>\n\t\t\t\t\t\t<\/div>\n\t\t\t<\/div>\n\t\t<\/section>\n\t\t\t\t<section class=\"elementor-element elementor-element-0050946 elementor-section-boxed elementor-section-height-default elementor-section-height-default elementor-section elementor-top-section\" data-id=\"0050946\" data-element_type=\"section\">\n\t\t\t\t\t\t<div class=\"elementor-container elementor-column-gap-default\">\n\t\t\t\t<div class=\"elementor-row\">\n\t\t\t\t<div class=\"elementor-element elementor-element-6102321 elementor-column elementor-col-100 elementor-top-column\" data-id=\"6102321\" data-element_type=\"column\">\n\t\t\t<div class=\"elementor-column-wrap  elementor-element-populated\">\n\t\t\t\t\t<div class=\"elementor-widget-wrap\">\n\t\t\t\t<div class=\"elementor-element elementor-element-b9d6ebb elementor-widget elementor-widget-text-editor\" data-id=\"b9d6ebb\" data-element_type=\"widget\" data-widget_type=\"text-editor.default\">\n\t\t\t\t<div class=\"elementor-widget-container\">\n\t\t\t\t\t<div class=\"elementor-text-editor elementor-clearfix\"><ul><li>T\u1ed5ng quy tr\u00ecnh th\u1ef1c hi\u1ec7n t\u1eeb 9 \u0111\u1ebfn 24 gi\u1edd (t\u00f9y thu\u1ed9c th\u1eddi gian t\u0103ng sinh)<\/li><\/ul><\/div>\n\t\t\t\t<\/div>\n\t\t\t\t<\/div>\n\t\t\t\t\t\t<\/div>\n\t\t\t<\/div>\n\t\t<\/div>\n\t\t\t\t\t\t<\/div>\n\t\t\t<\/div>\n\t\t<\/section>\n\t\t\t\t<section class=\"elementor-element elementor-element-26c63b9 elementor-section-boxed elementor-section-height-default elementor-section-height-default elementor-section elementor-top-section\" data-id=\"26c63b9\" data-element_type=\"section\">\n\t\t\t\t\t\t<div class=\"elementor-container elementor-column-gap-default\">\n\t\t\t\t<div class=\"elementor-row\">\n\t\t\t\t<div class=\"elementor-element elementor-element-f21de46 elementor-column elementor-col-100 elementor-top-column\" data-id=\"f21de46\" data-element_type=\"column\">\n\t\t\t<div class=\"elementor-column-wrap  elementor-element-populated\">\n\t\t\t\t\t<div class=\"elementor-widget-wrap\">\n\t\t\t\t<div class=\"elementor-element elementor-element-a6b8876 elementor-icon-list--layout-traditional elementor-widget elementor-widget-icon-list\" data-id=\"a6b8876\" data-element_type=\"widget\" data-widget_type=\"icon-list.default\">\n\t\t\t\t<div class=\"elementor-widget-container\">\n\t\t\t\t\t<ul class=\"elementor-icon-list-items\">\n\t\t\t\t\t\t\t<li class=\"elementor-icon-list-item\" >\n\t\t\t\t\t\t\t\t\t\t\t<span class=\"elementor-icon-list-icon\">\n\t\t\t\t\t\t\t<i aria-hidden=\"true\" class=\"fas fa-eye-dropper\"><\/i>\t\t\t\t\t\t<\/span>\n\t\t\t\t\t\t\t\t\t\t<span class=\"elementor-icon-list-text\">X\u1eed l\u00fd m\u1eabu (t\u0103ng sinh  6-24h)<\/span>\n\t\t\t\t\t\t\t\t\t<\/li>\n\t\t\t\t\t\t<\/ul>\n\t\t\t\t<\/div>\n\t\t\t\t<\/div>\n\t\t\t\t\t\t<\/div>\n\t\t\t<\/div>\n\t\t<\/div>\n\t\t\t\t\t\t<\/div>\n\t\t\t<\/div>\n\t\t<\/section>\n\t\t\t\t<section class=\"elementor-element elementor-element-74d2a67 elementor-section-boxed elementor-section-height-default elementor-section-height-default elementor-section elementor-top-section\" data-id=\"74d2a67\" data-element_type=\"section\">\n\t\t\t\t\t\t<div class=\"elementor-container elementor-column-gap-default\">\n\t\t\t\t<div class=\"elementor-row\">\n\t\t\t\t<div class=\"elementor-element elementor-element-299e1b6 elementor-column elementor-col-100 elementor-top-column\" data-id=\"299e1b6\" data-element_type=\"column\">\n\t\t\t<div class=\"elementor-column-wrap  elementor-element-populated\">\n\t\t\t\t\t<div class=\"elementor-widget-wrap\">\n\t\t\t\t<div class=\"elementor-element elementor-element-297036e elementor-widget elementor-widget-text-editor\" data-id=\"297036e\" data-element_type=\"widget\" data-widget_type=\"text-editor.default\">\n\t\t\t\t<div class=\"elementor-widget-container\">\n\t\t\t\t\t<div class=\"elementor-text-editor elementor-clearfix\"><p><strong>M\u1ee5c \u0111\u00edch:<\/strong> cung c\u1ea5p m\u00f4i tr\u01b0\u1eddng v\u00e0 \u0111i\u1ec1u ki\u1ec7n thu\u1eadn l\u1ee3i \u0111\u1ec3 <em>Salmonella spp <\/em>t\u0103ng sinh (n\u1ebfu c\u00f3) trong n\u1ec1n m\u1eabu th\u1eed.<\/p><\/div>\n\t\t\t\t<\/div>\n\t\t\t\t<\/div>\n\t\t\t\t\t\t<\/div>\n\t\t\t<\/div>\n\t\t<\/div>\n\t\t\t\t\t\t<\/div>\n\t\t\t<\/div>\n\t\t<\/section>\n\t\t\t\t<section class=\"elementor-element elementor-element-143e6db elementor-section-boxed elementor-section-height-default elementor-section-height-default elementor-section elementor-top-section\" data-id=\"143e6db\" data-element_type=\"section\">\n\t\t\t\t\t\t<div class=\"elementor-container elementor-column-gap-default\">\n\t\t\t\t<div class=\"elementor-row\">\n\t\t\t\t<div class=\"elementor-element elementor-element-55d6587 elementor-column elementor-col-100 elementor-top-column\" data-id=\"55d6587\" data-element_type=\"column\">\n\t\t\t<div class=\"elementor-column-wrap  elementor-element-populated\">\n\t\t\t\t\t<div class=\"elementor-widget-wrap\">\n\t\t\t\t<div class=\"elementor-element elementor-element-69fc3fe elementor-icon-list--layout-traditional elementor-widget elementor-widget-icon-list\" data-id=\"69fc3fe\" data-element_type=\"widget\" data-widget_type=\"icon-list.default\">\n\t\t\t\t<div class=\"elementor-widget-container\">\n\t\t\t\t\t<ul class=\"elementor-icon-list-items\">\n\t\t\t\t\t\t\t<li class=\"elementor-icon-list-item\" >\n\t\t\t\t\t\t\t\t\t\t\t<span class=\"elementor-icon-list-icon\">\n\t\t\t\t\t\t\t<i aria-hidden=\"true\" class=\"fas fa-eye-dropper\"><\/i>\t\t\t\t\t\t<\/span>\n\t\t\t\t\t\t\t\t\t\t<span class=\"elementor-icon-list-text\">T\u00e1ch chi\u1ebft DNA  (30 ph\u00fat)<\/span>\n\t\t\t\t\t\t\t\t\t<\/li>\n\t\t\t\t\t\t<\/ul>\n\t\t\t\t<\/div>\n\t\t\t\t<\/div>\n\t\t\t\t\t\t<\/div>\n\t\t\t<\/div>\n\t\t<\/div>\n\t\t\t\t\t\t<\/div>\n\t\t\t<\/div>\n\t\t<\/section>\n\t\t\t\t<section class=\"elementor-element elementor-element-5e3fc86 elementor-section-boxed elementor-section-height-default elementor-section-height-default elementor-section elementor-top-section\" data-id=\"5e3fc86\" data-element_type=\"section\">\n\t\t\t\t\t\t<div class=\"elementor-container elementor-column-gap-default\">\n\t\t\t\t<div class=\"elementor-row\">\n\t\t\t\t<div class=\"elementor-element elementor-element-636322e elementor-column elementor-col-100 elementor-top-column\" data-id=\"636322e\" data-element_type=\"column\">\n\t\t\t<div class=\"elementor-column-wrap  elementor-element-populated\">\n\t\t\t\t\t<div class=\"elementor-widget-wrap\">\n\t\t\t\t<div class=\"elementor-element elementor-element-0a2c486 elementor-widget elementor-widget-text-editor\" data-id=\"0a2c486\" data-element_type=\"widget\" data-widget_type=\"text-editor.default\">\n\t\t\t\t<div class=\"elementor-widget-container\">\n\t\t\t\t\t<div class=\"elementor-text-editor elementor-clearfix\"><p><strong>M\u1ee5c \u0111\u00edch: <\/strong>Thu nh\u1eadn DNA vi khu\u1ea9n m\u1ee5c ti\u00eau (n\u1ebfu c\u00f3) b\u1eb1ng ph\u01b0\u01a1ng ph\u00e1p nhi\u1ec7t. Qu\u00e1 tr\u00ecnh \u0111un s\u00f4i v\u00e0 t\u00e1c \u0111\u1ed9ng c\u1ee7a dung d\u1ecbch t\u00e1ch chi\u1ebft s\u1ebd gi\u00fap ph\u00e1 v\u1ee1 c\u1ea5u tr\u00fac t\u1ebf b\u00e0o v\u00e0 gi\u1ea3i ph\u00f3ng DNA. Ly t\u00e2m t\u1ed1c \u0111\u1ed9 cao gi\u00fap thu \u0111\u01b0\u1ee3c DNA trong d\u1ecbch n\u1ed5i, \u0111\u01b0\u1ee3c \u0111em d\u00f9ng trong ph\u1ea3n \u1ee9ng multiplex realtime PCR.<\/p><\/div>\n\t\t\t\t<\/div>\n\t\t\t\t<\/div>\n\t\t\t\t\t\t<\/div>\n\t\t\t<\/div>\n\t\t<\/div>\n\t\t\t\t\t\t<\/div>\n\t\t\t<\/div>\n\t\t<\/section>\n\t\t\t\t<section class=\"elementor-element elementor-element-63d57a7 elementor-section-boxed elementor-section-height-default elementor-section-height-default elementor-section elementor-top-section\" data-id=\"63d57a7\" data-element_type=\"section\">\n\t\t\t\t\t\t<div class=\"elementor-container elementor-column-gap-default\">\n\t\t\t\t<div class=\"elementor-row\">\n\t\t\t\t<div class=\"elementor-element elementor-element-adb3892 elementor-column elementor-col-100 elementor-top-column\" data-id=\"adb3892\" data-element_type=\"column\">\n\t\t\t<div class=\"elementor-column-wrap  elementor-element-populated\">\n\t\t\t\t\t<div class=\"elementor-widget-wrap\">\n\t\t\t\t<div class=\"elementor-element elementor-element-26444bd elementor-icon-list--layout-traditional elementor-widget elementor-widget-icon-list\" data-id=\"26444bd\" data-element_type=\"widget\" data-widget_type=\"icon-list.default\">\n\t\t\t\t<div class=\"elementor-widget-container\">\n\t\t\t\t\t<ul class=\"elementor-icon-list-items\">\n\t\t\t\t\t\t\t<li class=\"elementor-icon-list-item\" >\n\t\t\t\t\t\t\t\t\t\t\t<span class=\"elementor-icon-list-icon\">\n\t\t\t\t\t\t\t<i aria-hidden=\"true\" class=\"fas fa-eye-dropper\"><\/i>\t\t\t\t\t\t<\/span>\n\t\t\t\t\t\t\t\t\t\t<span class=\"elementor-icon-list-text\">Multiplex realtime PCR (1h40p)<\/span>\n\t\t\t\t\t\t\t\t\t<\/li>\n\t\t\t\t\t\t<\/ul>\n\t\t\t\t<\/div>\n\t\t\t\t<\/div>\n\t\t\t\t\t\t<\/div>\n\t\t\t<\/div>\n\t\t<\/div>\n\t\t\t\t\t\t<\/div>\n\t\t\t<\/div>\n\t\t<\/section>\n\t\t\t\t<section class=\"elementor-element elementor-element-25c09bf elementor-section-boxed elementor-section-height-default elementor-section-height-default elementor-section elementor-top-section\" data-id=\"25c09bf\" data-element_type=\"section\">\n\t\t\t\t\t\t<div class=\"elementor-container elementor-column-gap-default\">\n\t\t\t\t<div class=\"elementor-row\">\n\t\t\t\t<div class=\"elementor-element elementor-element-5948e12 elementor-column elementor-col-100 elementor-top-column\" data-id=\"5948e12\" data-element_type=\"column\">\n\t\t\t<div class=\"elementor-column-wrap  elementor-element-populated\">\n\t\t\t\t\t<div class=\"elementor-widget-wrap\">\n\t\t\t\t<div class=\"elementor-element elementor-element-8247f5f elementor-widget elementor-widget-text-editor\" data-id=\"8247f5f\" data-element_type=\"widget\" data-widget_type=\"text-editor.default\">\n\t\t\t\t<div class=\"elementor-widget-container\">\n\t\t\t\t\t<div class=\"elementor-text-editor elementor-clearfix\"><p><strong>M\u1ee5c \u0111\u00edch:<\/strong> Khu\u1ebfch \u0111\u1ea1i tr\u00ecnh t\u1ef1 DNA m\u1ee5c ti\u00eau (n\u1ebfu c\u00f3) trong m\u1eabu, \u0111\u1ec3 t\u1eeb \u0111\u00f3 ph\u00e1t hi\u1ec7n s\u1ef1 hi\u1ec7n di\u1ec7n c\u1ee7a vi khu\u1ea9n m\u1ee5c ti\u00eau. \u0110o\u1ea1n DNA n\u00e0y l\u00e0 \u0111\u1eb7c hi\u1ec7u, chuy\u00ean bi\u1ec7t v\u00e0 b\u1ea3o t\u1ed3n c\u1ee7a vi khu\u1ea9n m\u1ee5c ti\u00eau c\u1ea7n ph\u00e1t hi\u1ec7n.<\/p><\/div>\n\t\t\t\t<\/div>\n\t\t\t\t<\/div>\n\t\t\t\t\t\t<\/div>\n\t\t\t<\/div>\n\t\t<\/div>\n\t\t\t\t\t\t<\/div>\n\t\t\t<\/div>\n\t\t<\/section>\n\t\t\t\t<section class=\"elementor-element elementor-element-e3f2480 elementor-section-boxed elementor-section-height-default elementor-section-height-default elementor-section elementor-top-section\" data-id=\"e3f2480\" data-element_type=\"section\">\n\t\t\t\t\t\t<div class=\"elementor-container elementor-column-gap-default\">\n\t\t\t\t<div class=\"elementor-row\">\n\t\t\t\t<div class=\"elementor-element elementor-element-8bf290b elementor-column elementor-col-100 elementor-top-column\" data-id=\"8bf290b\" data-element_type=\"column\">\n\t\t\t<div class=\"elementor-column-wrap  elementor-element-populated\">\n\t\t\t\t\t<div class=\"elementor-widget-wrap\">\n\t\t\t\t<div class=\"elementor-element elementor-element-def97b6 elementor-icon-list--layout-traditional elementor-widget elementor-widget-icon-list\" data-id=\"def97b6\" data-element_type=\"widget\" data-widget_type=\"icon-list.default\">\n\t\t\t\t<div class=\"elementor-widget-container\">\n\t\t\t\t\t<ul class=\"elementor-icon-list-items\">\n\t\t\t\t\t\t\t<li class=\"elementor-icon-list-item\" >\n\t\t\t\t\t\t\t\t\t\t\t<span class=\"elementor-icon-list-icon\">\n\t\t\t\t\t\t\t<i aria-hidden=\"true\" class=\"fas fa-eye-dropper\"><\/i>\t\t\t\t\t\t<\/span>\n\t\t\t\t\t\t\t\t\t\t<span class=\"elementor-icon-list-text\">\u0110\u1ecdc k\u1ebft qu\u1ea3  (15 ph\u00fat)<\/span>\n\t\t\t\t\t\t\t\t\t<\/li>\n\t\t\t\t\t\t<\/ul>\n\t\t\t\t<\/div>\n\t\t\t\t<\/div>\n\t\t\t\t\t\t<\/div>\n\t\t\t<\/div>\n\t\t<\/div>\n\t\t\t\t\t\t<\/div>\n\t\t\t<\/div>\n\t\t<\/section>\n\t\t\t\t<section class=\"elementor-element elementor-element-f6f20ba elementor-section-boxed elementor-section-height-default elementor-section-height-default elementor-section elementor-top-section\" data-id=\"f6f20ba\" data-element_type=\"section\">\n\t\t\t\t\t\t<div class=\"elementor-container elementor-column-gap-default\">\n\t\t\t\t<div class=\"elementor-row\">\n\t\t\t\t<div class=\"elementor-element elementor-element-e3cf5ef elementor-column elementor-col-100 elementor-top-column\" data-id=\"e3cf5ef\" data-element_type=\"column\">\n\t\t\t<div class=\"elementor-column-wrap  elementor-element-populated\">\n\t\t\t\t\t<div class=\"elementor-widget-wrap\">\n\t\t\t\t<div class=\"elementor-element elementor-element-144b920 elementor-widget elementor-widget-text-editor\" data-id=\"144b920\" data-element_type=\"widget\" data-widget_type=\"text-editor.default\">\n\t\t\t\t<div class=\"elementor-widget-container\">\n\t\t\t\t\t<div class=\"elementor-text-editor elementor-clearfix\"><p><strong>Nguy\u00ean l\u00fd:<\/strong> D\u1ef1a v\u00e0o t\u01b0\u01a1ng t\u00e1c gi\u1eefa \u0111\u1ea7u d\u00f2 Taqman v\u00e0 emzyme <em>Taq polymerase<\/em> trong qu\u00e1 tr\u00ecnh nh\u00e2n \u0111\u00f4i m\u00e0 s\u1ef1 gia t\u0103ng s\u1ed1 l\u01b0\u1ee3ng s\u1ea3n ph\u1ea9m PCR \u0111\u01b0\u1ee3c theo d\u00f5i theo th\u1eddi gian th\u1ef1c th\u00f4ng qua t\u00edn hi\u1ec7u hu\u1ef3nh quang \u0111\u01b0\u1ee3c ph\u00e1t ra t\u01b0\u01a1ng \u1ee9ng. M\u1eabu c\u00f3 DNA m\u1ee5c ti\u00eau th\u00ec t\u00edn hi\u1ec7u quang ph\u00e1t ra m\u1ea1nh v\u00e0 v\u01b0\u1ee3t ng\u01b0\u1ee1ng t\u00edn hi\u1ec7u.<\/p><\/div>\n\t\t\t\t<\/div>\n\t\t\t\t<\/div>\n\t\t\t\t\t\t<\/div>\n\t\t\t<\/div>\n\t\t<\/div>\n\t\t\t\t\t\t<\/div>\n\t\t\t<\/div>\n\t\t<\/section>\n\t\t\t\t<section class=\"elementor-element elementor-element-b1f5c56 elementor-section-boxed elementor-section-height-default elementor-section-height-default elementor-section elementor-top-section\" data-id=\"b1f5c56\" data-element_type=\"section\">\n\t\t\t\t\t\t<div class=\"elementor-container elementor-column-gap-default\">\n\t\t\t\t<div class=\"elementor-row\">\n\t\t\t\t<div class=\"elementor-element elementor-element-944ed28 elementor-column elementor-col-100 elementor-top-column\" data-id=\"944ed28\" data-element_type=\"column\">\n\t\t\t<div class=\"elementor-column-wrap  elementor-element-populated\">\n\t\t\t\t\t<div class=\"elementor-widget-wrap\">\n\t\t\t\t<div class=\"elementor-element elementor-element-b22cab3 elementor-widget elementor-widget-spacer\" data-id=\"b22cab3\" data-element_type=\"widget\" data-widget_type=\"spacer.default\">\n\t\t\t\t<div class=\"elementor-widget-container\">\n\t\t\t\t\t<div class=\"elementor-spacer\">\n\t\t\t<div class=\"elementor-spacer-inner\"><\/div>\n\t\t<\/div>\n\t\t\t\t<\/div>\n\t\t\t\t<\/div>\n\t\t\t\t\t\t<\/div>\n\t\t\t<\/div>\n\t\t<\/div>\n\t\t\t\t\t\t<\/div>\n\t\t\t<\/div>\n\t\t<\/section>\n\t\t\t\t<section class=\"elementor-element elementor-element-0de7460 elementor-section-boxed elementor-section-height-default elementor-section-height-default elementor-section elementor-top-section\" data-id=\"0de7460\" data-element_type=\"section\">\n\t\t\t\t\t\t<div class=\"elementor-container elementor-column-gap-default\">\n\t\t\t\t<div class=\"elementor-row\">\n\t\t\t\t<div class=\"elementor-element elementor-element-d4bde8d elementor-column elementor-col-100 elementor-top-column\" data-id=\"d4bde8d\" data-element_type=\"column\">\n\t\t\t<div class=\"elementor-column-wrap\">\n\t\t\t\t\t<div class=\"elementor-widget-wrap\">\n\t\t\t\t\t\t<\/div>\n\t\t\t<\/div>\n\t\t<\/div>\n\t\t\t\t\t\t<\/div>\n\t\t\t<\/div>\n\t\t<\/section>\n\t\t\t\t\t\t<\/div>\n\t\t\t<\/div>\n\t\t<\/div>\n\t\t","protected":false},"excerpt":{"rendered":"<p>NGUY\u00caN L\u00dd HO\u1ea0T \u0110\u1ed8NG C\u1ee6A KIT Kit ho\u1ea1t \u0111\u1ed9ng d\u1ef1a tr\u00ean \u0111\u1ed3ng th\u1eddi nhi\u1ec1u \u0111\u1ea7u d\u00f2 Taqman k\u1ebft h\u1ee3p v\u1edbi \u0111o\u1ea1n m\u1ed3i gi\u00fap khu\u1ebfch \u0111\u1ea1i \u0111o\u1ea1n gen \u0111\u1eb7c hi\u1ec7u \u0111\u1ec3 ph\u00e1t hi\u1ec7n vi khu\u1ea9n trong c\u00e1c m\u1eabu th\u1eed kh\u00e1c nhau. T\u1eeb \u0111\u00f3, \u0111\u1ecdc k\u1ebft qu\u1ea3 d\u1ef1a v\u00e0o t\u00edn hi\u1ec7u hu\u1ef3nh&hellip; <\/p>\n","protected":false},"author":1,"featured_media":0,"parent":0,"menu_order":0,"comment_status":"closed","ping_status":"closed","template":"elementor_header_footer","meta":{"footnotes":""},"class_list":["post-210","page","type-page","status-publish","hentry"],"_links":{"self":[{"href":"https:\/\/bioamipharm.com\/index.php\/wp-json\/wp\/v2\/pages\/210","targetHints":{"allow":["GET"]}}],"collection":[{"href":"https:\/\/bioamipharm.com\/index.php\/wp-json\/wp\/v2\/pages"}],"about":[{"href":"https:\/\/bioamipharm.com\/index.php\/wp-json\/wp\/v2\/types\/page"}],"author":[{"embeddable":true,"href":"https:\/\/bioamipharm.com\/index.php\/wp-json\/wp\/v2\/users\/1"}],"replies":[{"embeddable":true,"href":"https:\/\/bioamipharm.com\/index.php\/wp-json\/wp\/v2\/comments?post=210"}],"version-history":[{"count":19,"href":"https:\/\/bioamipharm.com\/index.php\/wp-json\/wp\/v2\/pages\/210\/revisions"}],"predecessor-version":[{"id":956,"href":"https:\/\/bioamipharm.com\/index.php\/wp-json\/wp\/v2\/pages\/210\/revisions\/956"}],"wp:attachment":[{"href":"https:\/\/bioamipharm.com\/index.php\/wp-json\/wp\/v2\/media?parent=210"}],"curies":[{"name":"wp","href":"https:\/\/api.w.org\/{rel}","templated":true}]}}